{"id":63,"date":"2024-10-16T19:25:48","date_gmt":"2024-10-16T19:25:48","guid":{"rendered":"https:\/\/kk-teknik.dk\/?page_id=63"},"modified":"2024-10-17T20:13:59","modified_gmt":"2024-10-17T19:13:59","slug":"kontakt","status":"publish","type":"page","link":"https:\/\/kk-teknik.dk\/index.php\/kontakt\/","title":{"rendered":"Kontakt"},"content":{"rendered":"\n<div class=\"wp-block-group alignfull has-base-background-color has-background has-global-padding is-layout-constrained wp-container-core-group-is-layout-d89aad35 wp-block-group-is-layout-constrained\" style=\"margin-top:0;margin-bottom:0;padding-top:var(--wp--preset--spacing--50);padding-right:var(--wp--preset--spacing--50);padding-bottom:var(--wp--preset--spacing--50);padding-left:var(--wp--preset--spacing--50)\">\n<div class=\"wp-block-columns alignwide is-layout-flex wp-container-core-columns-is-layout-549b0c86 wp-block-columns-is-layout-flex\">\n<div class=\"wp-block-column has-global-padding is-content-justification-left is-layout-constrained wp-container-core-column-is-layout-4f15e8fe wp-block-column-is-layout-constrained\" style=\"flex-basis:40%\">\n<p>Ved mindre foresp\u00f8rgsler er det nemmest at sende en sms p\u00e5 nedenst\u00e5ende telefon nummer, gerne med kort beskrivelse, s\u00e5 vender jeg tilbage hurtigst muligt.\u00a0<\/p>\n<\/div>\n\n\n\n<div class=\"wp-block-column is-layout-flow wp-container-core-column-is-layout-119bc444 wp-block-column-is-layout-flow\" style=\"flex-basis:60%\">\n<p>Skriv til os p\u00e5: <a href=\"mailto:info@kk-teknik.dk\">info@kk-teknik.dk<\/a><\/p>\n<\/div>\n<\/div>\n<\/div>\n\n\n\n<p><\/p>\n","protected":false},"excerpt":{"rendered":"<p>Ved mindre foresp\u00f8rgsler er det nemmest at sende en sms p\u00e5 nedenst\u00e5ende telefon nummer, gerne med kort beskrivelse, s\u00e5 vender jeg tilbage hurtigst muligt.\u00a0 Skriv til os p\u00e5: info@kk-teknik.dk<\/p>\n","protected":false},"author":1,"featured_media":0,"parent":0,"menu_order":0,"comment_status":"closed","ping_status":"closed","template":"","meta":{"footnotes":""},"class_list":["post-63","page","type-page","status-publish","hentry"],"_links":{"self":[{"href":"https:\/\/kk-teknik.dk\/index.php\/wp-json\/wp\/v2\/pages\/63","targetHints":{"allow":["GET"]}}],"collection":[{"href":"https:\/\/kk-teknik.dk\/index.php\/wp-json\/wp\/v2\/pages"}],"about":[{"href":"https:\/\/kk-teknik.dk\/index.php\/wp-json\/wp\/v2\/types\/page"}],"author":[{"embeddable":true,"href":"https:\/\/kk-teknik.dk\/index.php\/wp-json\/wp\/v2\/users\/1"}],"replies":[{"embeddable":true,"href":"https:\/\/kk-teknik.dk\/index.php\/wp-json\/wp\/v2\/comments?post=63"}],"version-history":[{"count":8,"href":"https:\/\/kk-teknik.dk\/index.php\/wp-json\/wp\/v2\/pages\/63\/revisions"}],"predecessor-version":[{"id":96,"href":"https:\/\/kk-teknik.dk\/index.php\/wp-json\/wp\/v2\/pages\/63\/revisions\/96"}],"wp:attachment":[{"href":"https:\/\/kk-teknik.dk\/index.php\/wp-json\/wp\/v2\/media?parent=63"}],"curies":[{"name":"wp","href":"https:\/\/api.w.org\/{rel}","templated":true}]}}