{"id":54,"date":"2024-10-16T19:11:34","date_gmt":"2024-10-16T19:11:34","guid":{"rendered":"https:\/\/kk-teknik.dk\/?page_id=54"},"modified":"2024-10-17T20:13:23","modified_gmt":"2024-10-17T19:13:23","slug":"historie","status":"publish","type":"page","link":"https:\/\/kk-teknik.dk\/index.php\/historie\/","title":{"rendered":"Historien"},"content":{"rendered":"\n<div class=\"wp-block-group alignfull has-global-padding is-layout-constrained wp-container-core-group-is-layout-d89aad35 wp-block-group-is-layout-constrained\" style=\"margin-top:0;margin-bottom:0;padding-top:var(--wp--preset--spacing--50);padding-right:var(--wp--preset--spacing--50);padding-bottom:var(--wp--preset--spacing--50);padding-left:var(--wp--preset--spacing--50)\">\n<p class=\"has-text-align-center\">Firmaet er startet i sin oprindelige form i 2003 af Kristian Kirkegaard, der oprindeligt er udl\u00e6rt radiomekaniker, med speciale i forst\u00e6rkere, TV, h\u00f8jttalere og lign. Firmaet k\u00f8res nu sidel\u00f8bende med arbejde som elektronik ingeni\u00f8r. Da v\u00e6rkstedet er p\u00e5 hjemmeadressen er vi dog fleksible ift. aflevering \/ afhentning af emner til reparation \/ service.<\/p>\n<\/div>\n\n\n\n<figure class=\"wp-block-image aligncenter size-full\"><img loading=\"lazy\" decoding=\"async\" width=\"200\" height=\"200\" src=\"https:\/\/kk-teknik.dk\/wp-content\/uploads\/2024\/10\/KKI.jpg\" alt=\"\" class=\"wp-image-56\" srcset=\"https:\/\/kk-teknik.dk\/wp-content\/uploads\/2024\/10\/KKI.jpg 200w, https:\/\/kk-teknik.dk\/wp-content\/uploads\/2024\/10\/KKI-150x150.jpg 150w\" sizes=\"auto, (max-width: 200px) 100vw, 200px\" \/><\/figure>\n","protected":false},"excerpt":{"rendered":"<p>Firmaet er startet i sin oprindelige form i 2003 af Kristian Kirkegaard, der oprindeligt er udl\u00e6rt radiomekaniker, med speciale i forst\u00e6rkere, TV, h\u00f8jttalere og lign. Firmaet k\u00f8res nu sidel\u00f8bende med arbejde som elektronik ingeni\u00f8r. Da v\u00e6rkstedet er p\u00e5 hjemmeadressen er vi dog fleksible ift. aflevering \/ afhentning af emner til reparation \/ service.<\/p>\n","protected":false},"author":1,"featured_media":0,"parent":0,"menu_order":0,"comment_status":"closed","ping_status":"closed","template":"","meta":{"footnotes":""},"class_list":["post-54","page","type-page","status-publish","hentry"],"_links":{"self":[{"href":"https:\/\/kk-teknik.dk\/index.php\/wp-json\/wp\/v2\/pages\/54","targetHints":{"allow":["GET"]}}],"collection":[{"href":"https:\/\/kk-teknik.dk\/index.php\/wp-json\/wp\/v2\/pages"}],"about":[{"href":"https:\/\/kk-teknik.dk\/index.php\/wp-json\/wp\/v2\/types\/page"}],"author":[{"embeddable":true,"href":"https:\/\/kk-teknik.dk\/index.php\/wp-json\/wp\/v2\/users\/1"}],"replies":[{"embeddable":true,"href":"https:\/\/kk-teknik.dk\/index.php\/wp-json\/wp\/v2\/comments?post=54"}],"version-history":[{"count":11,"href":"https:\/\/kk-teknik.dk\/index.php\/wp-json\/wp\/v2\/pages\/54\/revisions"}],"predecessor-version":[{"id":94,"href":"https:\/\/kk-teknik.dk\/index.php\/wp-json\/wp\/v2\/pages\/54\/revisions\/94"}],"wp:attachment":[{"href":"https:\/\/kk-teknik.dk\/index.php\/wp-json\/wp\/v2\/media?parent=54"}],"curies":[{"name":"wp","href":"https:\/\/api.w.org\/{rel}","templated":true}]}}